{"id":124,"date":"2020-03-26T10:16:25","date_gmt":"2020-03-26T09:16:25","guid":{"rendered":"http:\/\/champenois-laurence-mtc.fr\/?page_id=124"},"modified":"2020-03-29T14:50:06","modified_gmt":"2020-03-29T12:50:06","slug":"mentions-legales","status":"publish","type":"page","link":"https:\/\/champenois-laurence-mtc.fr\/index.php\/mentions-legales\/","title":{"rendered":"Mentions l\u00e9gales"},"content":{"rendered":"\n<h4 class=\"wp-block-heading\">Identification du propri\u00e9taire du site<\/h4>\n\n\n\n<p>Le site <strong>www.champenois-laurence-mtc.fr <\/strong> est la propri\u00e9t\u00e9 de Laurence CHAMPENOIS.<br><strong>5 bis rue de la Ferme 92100 Boulogne-Billancourt <\/strong><br>Laurence CHAMPENOIS est la directrice de publication du site.<br> SIRET: 504 813 098 00028 <\/p>\n\n\n\n<h4 class=\"wp-block-heading\">R\u00e9alisation et conception du site<\/h4>\n\n\n\n<p>Laurence CHAMPENOIS<\/p>\n\n\n\n<h4 class=\"wp-block-heading\">Propri\u00e9t\u00e9 intellectuelle<\/h4>\n\n\n\n<p>Tous les signes distinctifs (marque, logo, noms commerciaux) ainsi que la pr\u00e9sentation et le contenu du site&nbsp; <strong>www.champenois-laurence-mtc.fr<\/strong> sont prot\u00e9g\u00e9s par les lois et conventions internationales sur la  propri\u00e9t\u00e9 intellectuelle. Il est donc interdit de les reproduire,  repr\u00e9senter, copier, traduire, arranger dans une autre \u0153uvre ou un autre  site sans autorisation de  <strong>www.champenois-laurence-mtc.fr<\/strong>  <br>L&rsquo;article  L335-3 du code de la propri\u00e9t\u00e9 intellectuelle d\u00e9finit la reproduction  d&rsquo;une \u0153uvre de l&rsquo;esprit en violation des droits de l&rsquo;auteur comme un  d\u00e9lit de contrefa\u00e7on. L&rsquo;article L335-2 en fixe la peine maximale \u00e0 trois  ans d&#8217;emprisonnement et 300 000 euros d&rsquo;amende, port\u00e9e \u00e0 cinq ans et  500 000 euros en cas de bande organis\u00e9e. La confiscation du mat\u00e9riel, la  fermeture de l&rsquo;\u00e9tablissement ayant abrit\u00e9 l&rsquo;infraction et la  publication du jugement sont aussi possibles.<\/p>\n\n\n\n<h4 class=\"wp-block-heading\">Donn\u00e9es nominatives ou \u00e0 caract\u00e8re personnel<\/h4>\n\n\n\n<p>Les utilisateurs sont parfois invit\u00e9s \u00e0 fournir \u00e0 Laurence Champenois des  donn\u00e9es nominatives, c&rsquo;est-\u00e0-dire certaines informations \u00e0 caract\u00e8re  personnel. <br>Ils sont express\u00e9ment avertis qu&rsquo;ils n&rsquo;ont aucune  obligation de r\u00e9pondre aux questions qui leur sont pos\u00e9es. En outre,  chaque questionnaire mentionne le caract\u00e8re imp\u00e9ratif des r\u00e9ponses pour  obtenir la fourniture du service demand\u00e9.<br>Le traitement automatis\u00e9  par Laurence Champenois des donn\u00e9es nominatives fournies par l&rsquo;utilisateur est  conditionn\u00e9 \u00e0 l&rsquo;accord express et ponctuel de ce dernier.<br>Ces donn\u00e9es  nominatives ne sont jamais transf\u00e9r\u00e9es \u00e0 des tiers par Laurence Champenois.  Laurence Champenois se r\u00e9serve toutefois la possibilit\u00e9 de transmettre \u00e0 des tiers  ces informations sous un mode cod\u00e9 ne permettant pas d&rsquo;identifier  l&rsquo;utilisateur.<br>Conform\u00e9ment \u00e0 l&rsquo;article 27 de la loi du 6 janvier  1978 modifi\u00e9e \u00ab\u00a0Informatique et Libert\u00e9\u00a0\u00bb, Laurence Champenois informe l&rsquo;utilisateur  de son droit d&rsquo;acc\u00e8s aux informations nominatives qui le concernent et  dont il peut \u00e0 tout moment demander qu&rsquo;elles soient supprim\u00e9es,  rectifi\u00e9es, compl\u00e9t\u00e9es, clarifi\u00e9es, mises \u00e0 jour, et ce sans qu&rsquo;il ait \u00e0  justifier d&rsquo;un quelconque motif.<\/p>\n\n\n\n<h4 class=\"wp-block-heading\">S\u00e9curit\u00e9<\/h4>\n\n\n\n<p>Laurence Champenois prend toutes les pr\u00e9cautions pour pr\u00e9server la s\u00e9curit\u00e9 des  informations communiqu\u00e9es par les utilisateurs. Toutefois, ceux-ci sont  avertis que les interventions dans les forums de discussion ou \u00e0  l&rsquo;occasion de messages \u00e9chang\u00e9s par e-mail peuvent permettre \u00e0 des tiers  de les identifier.<\/p>\n\n\n\n<h4 class=\"wp-block-heading\">Utilisation des cookies<\/h4>\n\n\n\n<p>Ce site utilise Google Analytics, un service d&rsquo;analyse de site  Internet fourni par Google Inc. (\u00ab Google \u00bb). Google Analytics utilise  des cookies, qui sont des fichiers texte plac\u00e9s sur votre ordinateur,  pour aider le site internet \u00e0 analyser l&rsquo;utilisation du site par ses  utilisateurs. Vous pouvez d\u00e9sactiver l&rsquo;utilisation de cookies en  s\u00e9lectionnant les param\u00e8tres appropri\u00e9s de votre navigateur. Cependant,  une telle d\u00e9sactivation pourrait emp\u00eacher l&rsquo;utilisation de certaines  fonctionnalit\u00e9s de ce site. En utilisant ce site Internet, vous  consentez express\u00e9ment au traitement de vos donn\u00e9es nominatives par  Google dans les conditions et pour les finalit\u00e9s d\u00e9crites ci-dessus.  Plus d&rsquo;informations sur : <a rel=\"noreferrer noopener\" href=\"http:\/\/www.cnil.fr\/vos-droits\/vos-traces\/les-cookies\" target=\"_blank\">http:\/\/www.cnil.fr\/vos-droits\/vos-traces\/les-cookies<\/a>.<\/p>\n\n\n\n<h4 class=\"wp-block-heading\">Liens hypertextes<\/h4>\n\n\n\n<p>Laurence Champenois instaure des liens avec d&rsquo;autres sites sur lesquels elle  n&rsquo;exerce aucun contr\u00f4le. Laurence Champenois ne saurait donc \u00eatre responsable de  leur contenu.<br>Les utilisateurs et visiteurs de&nbsp; <strong>www.champenois-laurence-mtc.fr<\/strong> peuvent mettre en place un hyperlien en direction de ce site avec l&rsquo;autorisation expresse et pr\u00e9alable de Laurence Champenois.<\/p>\n\n\n\n<h4 class=\"wp-block-heading\">Publicit\u00e9<\/h4>\n\n\n\n<p>Ce site ne comporte pas de publicit\u00e9.<\/p>\n\n\n\n<h4 class=\"wp-block-heading\">L\u00e9gislation applicable<\/h4>\n\n\n\n<p><strong>www.champenois-laurence-mtc.fr<\/strong>  est soumis \u00e0 la l\u00e9gislation fran\u00e7aise.  En cons\u00e9quence, dans l&rsquo;hypoth\u00e8se o\u00f9 certaines informations seraient  consid\u00e9r\u00e9es comme ill\u00e9gales dans d&rsquo;autres pays, la responsabilit\u00e9 de  Laurence Champenois ne pourrait \u00eatre engag\u00e9e, chaque utilisateur devant v\u00e9rifier la  conformit\u00e9 du site \u00e0 la l\u00e9gislation du pays auquel il est  mat\u00e9riellement et territorialement soumis.<\/p>\n\n\n\n<h4 class=\"wp-block-heading\">Webmaster<\/h4>\n\n\n\n<p>Si vous avez rep\u00e9r\u00e9 une anomalie ou si vous souhaitez entrer en  contact avec le gestionnaire principal du site, merci de contacter : postmaster@champenois-laurence-mtc.fr<\/p>\n\n\n\n<h4 class=\"wp-block-heading\">Cr\u00e9dit d&rsquo;images<\/h4>\n\n\n\n<p>Les photos, vid\u00e9os, documents et  publi\u00e9s sur ce site sont r\u00e9alis\u00e9s par Laurence Champenois.<br>Des liens sur des plateformes de streaming peuvent \u00eatre propos\u00e9s.<\/p>\n\n\n\n<h4 class=\"wp-block-heading\">H\u00e9bergement<\/h4>\n\n\n\n<p>www.ovh.com<\/p>\n","protected":false},"excerpt":{"rendered":"<p>Identification du propri\u00e9taire du site Le site www.champenois-laurence-mtc.fr est la propri\u00e9t\u00e9 de Laurence CHAMPENOIS.5 bis rue de la Ferme 92100 Boulogne-Billancourt Laurence CHAMPENOIS est la directrice de publication du site. SIRET: 504 813 098 00028 R\u00e9alisation et conception du site Laurence CHAMPENOIS Propri\u00e9t\u00e9 intellectuelle Tous les signes distinctifs (marque, logo, noms commerciaux) ainsi que la &hellip; <\/p>\n<p class=\"link-more\"><a href=\"https:\/\/champenois-laurence-mtc.fr\/index.php\/mentions-legales\/\" class=\"more-link\">Continuer la lecture<span class=\"screen-reader-text\"> de &laquo;&nbsp;Mentions l\u00e9gales&nbsp;&raquo;<\/span><\/a><\/p>\n","protected":false},"author":1,"featured_media":0,"parent":0,"menu_order":0,"comment_status":"closed","ping_status":"closed","template":"","meta":{"footnotes":""},"class_list":["post-124","page","type-page","status-publish","hentry"],"_links":{"self":[{"href":"https:\/\/champenois-laurence-mtc.fr\/index.php\/wp-json\/wp\/v2\/pages\/124"}],"collection":[{"href":"https:\/\/champenois-laurence-mtc.fr\/index.php\/wp-json\/wp\/v2\/pages"}],"about":[{"href":"https:\/\/champenois-laurence-mtc.fr\/index.php\/wp-json\/wp\/v2\/types\/page"}],"author":[{"embeddable":true,"href":"https:\/\/champenois-laurence-mtc.fr\/index.php\/wp-json\/wp\/v2\/users\/1"}],"replies":[{"embeddable":true,"href":"https:\/\/champenois-laurence-mtc.fr\/index.php\/wp-json\/wp\/v2\/comments?post=124"}],"version-history":[{"count":5,"href":"https:\/\/champenois-laurence-mtc.fr\/index.php\/wp-json\/wp\/v2\/pages\/124\/revisions"}],"predecessor-version":[{"id":190,"href":"https:\/\/champenois-laurence-mtc.fr\/index.php\/wp-json\/wp\/v2\/pages\/124\/revisions\/190"}],"wp:attachment":[{"href":"https:\/\/champenois-laurence-mtc.fr\/index.php\/wp-json\/wp\/v2\/media?parent=124"}],"curies":[{"name":"wp","href":"https:\/\/api.w.org\/{rel}","templated":true}]}}