{"id":28,"date":"2020-03-25T18:05:11","date_gmt":"2020-03-25T17:05:11","guid":{"rendered":"http:\/\/champenois-laurence-mtc.fr\/?page_id=28"},"modified":"2020-03-26T09:14:05","modified_gmt":"2020-03-26T08:14:05","slug":"praticienne","status":"publish","type":"page","link":"https:\/\/champenois-laurence-mtc.fr\/index.php\/praticienne\/","title":{"rendered":"Praticienne"},"content":{"rendered":"\n<p>Laurence Champenois adh\u00e8re \u00e0 l&rsquo;Union Fran\u00e7aise des Professionnels de M\u00e9decine Chinoise (U.F.P.M.T.C) et \u00e0 l&rsquo;Organisation Syndicale de M\u00e9decine Chinoise (O.S.M.C.).<\/p>\n\n\n\n<p>Elle est licenci\u00e9e aupr\u00e8s de la F\u00e9d\u00e9ration des Arts Energ\u00e9tiques et Martiaux Chinois (F.A.E.M.C) pour la pratique et l&rsquo;enseignement du Qi Gong et du Tai Chi Chuan.<\/p>\n\n\n\n<p>SIRET 504 813 098 00028 \n<\/p>\n","protected":false},"excerpt":{"rendered":"<p>Laurence Champenois adh\u00e8re \u00e0 l&rsquo;Union Fran\u00e7aise des Professionnels de M\u00e9decine Chinoise (U.F.P.M.T.C) et \u00e0 l&rsquo;Organisation Syndicale de M\u00e9decine Chinoise (O.S.M.C.). Elle est licenci\u00e9e aupr\u00e8s de la F\u00e9d\u00e9ration des Arts Energ\u00e9tiques et Martiaux Chinois (F.A.E.M.C) pour la pratique et l&rsquo;enseignement du Qi Gong et du Tai Chi Chuan. SIRET 504 813 098 00028<\/p>\n","protected":false},"author":1,"featured_media":0,"parent":0,"menu_order":0,"comment_status":"closed","ping_status":"closed","template":"","meta":{"footnotes":""},"class_list":["post-28","page","type-page","status-publish","hentry"],"_links":{"self":[{"href":"https:\/\/champenois-laurence-mtc.fr\/index.php\/wp-json\/wp\/v2\/pages\/28"}],"collection":[{"href":"https:\/\/champenois-laurence-mtc.fr\/index.php\/wp-json\/wp\/v2\/pages"}],"about":[{"href":"https:\/\/champenois-laurence-mtc.fr\/index.php\/wp-json\/wp\/v2\/types\/page"}],"author":[{"embeddable":true,"href":"https:\/\/champenois-laurence-mtc.fr\/index.php\/wp-json\/wp\/v2\/users\/1"}],"replies":[{"embeddable":true,"href":"https:\/\/champenois-laurence-mtc.fr\/index.php\/wp-json\/wp\/v2\/comments?post=28"}],"version-history":[{"count":3,"href":"https:\/\/champenois-laurence-mtc.fr\/index.php\/wp-json\/wp\/v2\/pages\/28\/revisions"}],"predecessor-version":[{"id":118,"href":"https:\/\/champenois-laurence-mtc.fr\/index.php\/wp-json\/wp\/v2\/pages\/28\/revisions\/118"}],"wp:attachment":[{"href":"https:\/\/champenois-laurence-mtc.fr\/index.php\/wp-json\/wp\/v2\/media?parent=28"}],"curies":[{"name":"wp","href":"https:\/\/api.w.org\/{rel}","templated":true}]}}