{"id":29,"date":"2020-03-25T18:05:11","date_gmt":"2020-03-25T17:05:11","guid":{"rendered":"http:\/\/champenois-laurence-mtc.fr\/?page_id=29"},"modified":"2024-07-23T10:59:46","modified_gmt":"2024-07-23T08:59:46","slug":"seance","status":"publish","type":"page","link":"https:\/\/champenois-laurence-mtc.fr\/index.php\/seance\/","title":{"rendered":"S\u00e9ance"},"content":{"rendered":"\n<p>Une s\u00e9ance dure environ une heure, un peu plus pour une consultation initiale.<br>Elle  d\u00e9bute par un entretien permettant d&rsquo;\u00e9tablir un bilan selon la th\u00e9orie  de la m\u00e9decine chinoise. N&rsquo;h\u00e9sitez pas \u00e0 pr\u00e9parer une liste des  manifestations g\u00eanantes ou inhabituelles qui troublent votre bien-\u00eatre.  M\u00eame ce qui semble insignifiant ou sans rapport avec votre plainte  principale peut avoir son importance.<br>La suite de la s\u00e9ance est consacr\u00e9e aux soins, choisis en fonction du d\u00e9s\u00e9quilibre \u00e9nerg\u00e9tique constat\u00e9 et de vos pr\u00e9f\u00e9rences<em>.<\/em><br>En  fin de s\u00e9ance, des conseils d&rsquo;hygi\u00e8ne de vie et d&rsquo;alimentation, des  exercices de Qi Gong ou des auto-massages, vous permettront d&rsquo;agir vous  m\u00eame sur les causes du d\u00e9s\u00e9quilibre et de prolonger l&rsquo;effet b\u00e9n\u00e9fique de  la s\u00e9ance. <\/p>\n\n\n\n<p>La sensation de d\u00e9tente et de mieux \u00eatre est en g\u00e9n\u00e9ral imm\u00e9diate mais plusieurs s\u00e9ances sont souvent n\u00e9cessaires pour un r\u00e9sultat durable, surtout si les troubles sont importants et anciens. Planifier des s\u00e9ances espac\u00e9es d&rsquo;une \u00e0 deux semaines au d\u00e9part permet de capitaliser l&rsquo;effet des s\u00e9ances successives pour progresser vers un meilleur \u00e9tat de sant\u00e9.<\/p>\n\n\n\n<p class=\"has-normal-font-size\">La consultation d&rsquo;un praticien en m\u00e9decine traditionnelle\nchinoise ne saurait remplacer le suivi m\u00e9dical habituel ou en cours,\nni se substituer aux traitements en cours. Seul votre m\u00e9decin peut\nd\u00e9cider de l&rsquo;arr\u00eat ou de la modification d&rsquo;un traitement m\u00e9dical.<\/p>\n\n\n\n<h4 class=\"wp-block-heading\">Tarifs<\/h4>\n\n\n\n<p> 75 euros &#8230;.. Consultation initiale<br> 65 euros &#8230;.. S\u00e9ance d&rsquo;entretien (dans les 6 mois suivant une pr\u00e9c\u00e9dente s\u00e9ance ou consultation) <br> 55 euros &#8230;.. S\u00e9ance de suivi (dans les 30 jours suivant une pr\u00e9c\u00e9dente s\u00e9ance ou consultation)<br> 45 euros &#8230;.. Enfant <\/p>\n\n\n\n<p>La consultation de votre praticien en m\u00e9decine traditionnelle chinoise  ne fait en aucun cas l&rsquo;objet d&rsquo;un remboursement par l&rsquo;assurance maladie.<br>Votre praticien est membre d&rsquo;une association de gestion agr\u00e9\u00e9e (A.G.A.) et accepte le r\u00e8glement par ch\u00e8que.<\/p>\n","protected":false},"excerpt":{"rendered":"<p>Une s\u00e9ance dure environ une heure, un peu plus pour une consultation initiale.Elle d\u00e9bute par un entretien permettant d&rsquo;\u00e9tablir un bilan selon la th\u00e9orie de la m\u00e9decine chinoise. N&rsquo;h\u00e9sitez pas \u00e0 pr\u00e9parer une liste des manifestations g\u00eanantes ou inhabituelles qui troublent votre bien-\u00eatre. M\u00eame ce qui semble insignifiant ou sans rapport avec votre plainte principale &hellip; <\/p>\n<p class=\"link-more\"><a href=\"https:\/\/champenois-laurence-mtc.fr\/index.php\/seance\/\" class=\"more-link\">Continuer la lecture<span class=\"screen-reader-text\"> de &laquo;&nbsp;S\u00e9ance&nbsp;&raquo;<\/span><\/a><\/p>\n","protected":false},"author":1,"featured_media":0,"parent":0,"menu_order":0,"comment_status":"closed","ping_status":"closed","template":"","meta":{"footnotes":""},"class_list":["post-29","page","type-page","status-publish","hentry"],"_links":{"self":[{"href":"https:\/\/champenois-laurence-mtc.fr\/index.php\/wp-json\/wp\/v2\/pages\/29"}],"collection":[{"href":"https:\/\/champenois-laurence-mtc.fr\/index.php\/wp-json\/wp\/v2\/pages"}],"about":[{"href":"https:\/\/champenois-laurence-mtc.fr\/index.php\/wp-json\/wp\/v2\/types\/page"}],"author":[{"embeddable":true,"href":"https:\/\/champenois-laurence-mtc.fr\/index.php\/wp-json\/wp\/v2\/users\/1"}],"replies":[{"embeddable":true,"href":"https:\/\/champenois-laurence-mtc.fr\/index.php\/wp-json\/wp\/v2\/comments?post=29"}],"version-history":[{"count":11,"href":"https:\/\/champenois-laurence-mtc.fr\/index.php\/wp-json\/wp\/v2\/pages\/29\/revisions"}],"predecessor-version":[{"id":455,"href":"https:\/\/champenois-laurence-mtc.fr\/index.php\/wp-json\/wp\/v2\/pages\/29\/revisions\/455"}],"wp:attachment":[{"href":"https:\/\/champenois-laurence-mtc.fr\/index.php\/wp-json\/wp\/v2\/media?parent=29"}],"curies":[{"name":"wp","href":"https:\/\/api.w.org\/{rel}","templated":true}]}}