{"id":30,"date":"2020-03-25T18:05:11","date_gmt":"2020-03-25T17:05:11","guid":{"rendered":"http:\/\/champenois-laurence-mtc.fr\/?page_id=30"},"modified":"2020-05-18T11:09:08","modified_gmt":"2020-05-18T09:09:08","slug":"cabinet","status":"publish","type":"page","link":"https:\/\/champenois-laurence-mtc.fr\/index.php\/cabinet\/","title":{"rendered":"Cabinet"},"content":{"rendered":"\n<p>D\u00e9couvrez les <a href=\"https:\/\/champenois-laurence-mtc.fr\/index.php\/cabinet\/covid19\/\">mesures<\/a> mises en place suite au d\u00e9confinement.<\/p>\n\n\n\n<p>5 bis rue de la Ferme<br>92100 Boulogne Billancourt <\/p>\n\n\n\n<p>06 86 95 10 53<\/p>\n\n\n\n<p>Uniquement sur rendez-vous, du lundi au vendredi.<br>Dernier cr\u00e9neau le soir \u00e0 18h30.<\/p>\n\n\n\n<p>Acc\u00e8s : m\u00e9tro Ligne 9 \u00ab\u00a0Billancourt\u00a0\u00bb \u00e0 100m<br>Bus : SUBB Sud \u00ab\u00a0Place Bir-Hakeim\u00a0\u00bb \u00e0 150m, lignes 389 et 260 \u00ab\u00a0Yves Kermen\u00a0\u00bb \u00e0 500m, lignes 42, 123, 126 et 175 \u00ab\u00a0Marcel Sembat\u00a0\u00bb \u00e0 600m, lignes 169, 171, 179, 291 et 467 \u00ab\u00a0Pont de S\u00e8vres\u00a0\u00bb \u00e0 700m.<br>V\u00e9lib \u00ab\u00a0Billancourt-G\u00e9n\u00e9ral Leclerc\u00a0\u00bb, \u00ab\u00a0Hameau Fleuri-March\u00e9\u00a0\u00bb<\/p>\n","protected":false},"excerpt":{"rendered":"<p>D\u00e9couvrez les mesures mises en place suite au d\u00e9confinement. 5 bis rue de la Ferme92100 Boulogne Billancourt 06 86 95 10 53 Uniquement sur rendez-vous, du lundi au vendredi.Dernier cr\u00e9neau le soir \u00e0 18h30. Acc\u00e8s : m\u00e9tro Ligne 9 \u00ab\u00a0Billancourt\u00a0\u00bb \u00e0 100mBus : SUBB Sud \u00ab\u00a0Place Bir-Hakeim\u00a0\u00bb \u00e0 150m, lignes 389 et 260 \u00ab\u00a0Yves Kermen\u00a0\u00bb &hellip; <\/p>\n<p class=\"link-more\"><a href=\"https:\/\/champenois-laurence-mtc.fr\/index.php\/cabinet\/\" class=\"more-link\">Continuer la lecture<span class=\"screen-reader-text\"> de &laquo;&nbsp;Cabinet&nbsp;&raquo;<\/span><\/a><\/p>\n","protected":false},"author":1,"featured_media":0,"parent":0,"menu_order":0,"comment_status":"closed","ping_status":"closed","template":"","meta":{"footnotes":""},"class_list":["post-30","page","type-page","status-publish","hentry"],"_links":{"self":[{"href":"https:\/\/champenois-laurence-mtc.fr\/index.php\/wp-json\/wp\/v2\/pages\/30"}],"collection":[{"href":"https:\/\/champenois-laurence-mtc.fr\/index.php\/wp-json\/wp\/v2\/pages"}],"about":[{"href":"https:\/\/champenois-laurence-mtc.fr\/index.php\/wp-json\/wp\/v2\/types\/page"}],"author":[{"embeddable":true,"href":"https:\/\/champenois-laurence-mtc.fr\/index.php\/wp-json\/wp\/v2\/users\/1"}],"replies":[{"embeddable":true,"href":"https:\/\/champenois-laurence-mtc.fr\/index.php\/wp-json\/wp\/v2\/comments?post=30"}],"version-history":[{"count":8,"href":"https:\/\/champenois-laurence-mtc.fr\/index.php\/wp-json\/wp\/v2\/pages\/30\/revisions"}],"predecessor-version":[{"id":440,"href":"https:\/\/champenois-laurence-mtc.fr\/index.php\/wp-json\/wp\/v2\/pages\/30\/revisions\/440"}],"wp:attachment":[{"href":"https:\/\/champenois-laurence-mtc.fr\/index.php\/wp-json\/wp\/v2\/media?parent=30"}],"curies":[{"name":"wp","href":"https:\/\/api.w.org\/{rel}","templated":true}]}}