{"id":416,"date":"2020-05-12T14:57:59","date_gmt":"2020-05-12T12:57:59","guid":{"rendered":"https:\/\/champenois-laurence-mtc.fr\/?page_id=416"},"modified":"2020-05-18T09:51:59","modified_gmt":"2020-05-18T07:51:59","slug":"covid19","status":"publish","type":"page","link":"https:\/\/champenois-laurence-mtc.fr\/index.php\/cabinet\/covid19\/","title":{"rendered":"Mesures mises en \u0153uvre dans le cadre du COVID 19"},"content":{"rendered":"\n<p>Outre les mesures d&rsquo;hygi\u00e8ne et bonnes pratiques observ\u00e9es habituellement, les recommandations de suivantes sont appliqu\u00e9es au cabinet.<\/p>\n\n\n\n<div class=\"wp-block-group\"><div class=\"wp-block-group__inner-container is-layout-flow wp-block-group-is-layout-flow\">\n<div class=\"wp-block-file\"><a href=\"https:\/\/champenois-laurence-mtc.fr\/wp-content\/uploads\/2020\/05\/COVID19_recommandations_cabinet_V3.pdf\" target=\"_blank\" rel=\"noreferrer noopener\">COVID19_recommandations_cabinet_V3<\/a><\/div>\n<\/div><\/div>\n\n\n\n<p>Avant de convenir d&rsquo;un rendez-vous, il faut \u00e9valuer le b\u00e9n\u00e9fice\/risque de la consultation surtout si vous \u00eates une <a href=\"#risques\">personne fragile <\/a>ou que vous devez emprunter les transports en commun pour vous d\u00e9placer au cabinet.<\/p>\n\n\n\n<h2 class=\"wp-block-heading\"><strong><em>Consignes \u00e0 respecter<\/em><\/strong><\/h2>\n\n\n\n<div class=\"wp-block-group has-light-green-cyan-background-color has-background\"><div class=\"wp-block-group__inner-container is-layout-flow wp-block-group-is-layout-flow\">\n<p>Au cabinet, il vous sera demand\u00e9 de :<\/p>\n\n\n\n<ul class=\"wp-block-list\"><li>Respecter les <a href=\"#barriere\">gestes barri\u00e8res<\/a><\/li><li>Ne pas venir si vous pr\u00e9sentez des <a href=\"#signes\">signes<\/a> laissant penser \u00e0 un COVID 19 (fi\u00e8vre, toux, g\u00eane respiratoire avec \u00e9ventuellement maux de t\u00eate, fatigue, courbatures)<\/li><li>Vous laver les mains d\u00e8s l&rsquo;arriv\u00e9e au cabinet<\/li><li>Porter un masque pendant tout le temps de pr\u00e9sence au cabinet (masque en tissu)<\/li><li>Ne pas arriver plus de 5 minutes avant l&rsquo;heure du rendez-vous. Venir seul(e) (sauf les mineurs), les accompagnants attendent \u00e0 l&rsquo;ext\u00e9rieur.<\/li><li>Retirer vos chaussures<\/li><li>Dans la mesure du possible, venir avec votre propre stylo pour le r\u00e8glement par ch\u00e8que ou faire l&rsquo;appoint pour le r\u00e8glement en esp\u00e8ces, possibilit\u00e9 de paiement par virement.<\/li><li>\u00c9viter de toucher aux objets ou surfaces<\/li><\/ul>\n<\/div><\/div>\n\n\n\n<div class=\"wp-block-group\" id=\"risques\"><div class=\"wp-block-group__inner-container is-layout-flow wp-block-group-is-layout-flow\">\n<h2 class=\"wp-block-heading\" id=\"risques\"><strong><em>Rappel des facteurs de risque :<\/em><\/strong><\/h2>\n\n\n\n<div class=\"wp-block-group has-background\" style=\"background-color:#fff957\"><div class=\"wp-block-group__inner-container is-layout-flow wp-block-group-is-layout-flow\">\n<p>Vous \u00eates davantage expos\u00e9 au virus et risquez des complications plus graves si vous \u00eates :<\/p>\n\n\n\n<ul class=\"wp-block-list\"><li>\u00c2g\u00e9 de plus de 70 ans, un homme<\/li><li>Atteint d&rsquo;une maladie cardiovasculaire ou respiratoire (BPCO, asthme, insuffisance cardiaque&#8230;)<\/li><li> Immuno-d\u00e9prim\u00e9s : cancer, h\u00e9mopathie, cirrhose&#8230;<\/li><li>Enceinte (\u00e0 tous les stades de la grossesse)<\/li><li>Atteint d&rsquo;ob\u00e9sit\u00e9 ou de diab\u00e8te<\/li><li>Sous traitement anti-inflammatoire (prise AINS dans les 5 j ou AIS au long cours)<\/li><\/ul>\n<\/div><\/div>\n\n\n\n<p>Il vous est alors recommand\u00e9 d&rsquo;\u00e9viter d&rsquo;entrer en contact avec d&rsquo;autres personnes \u00e0 moins que ce ne soit absolument n\u00e9cessaire.<\/p>\n\n\n\n<div class=\"wp-block-group\" id=\"barriere\"><div class=\"wp-block-group__inner-container is-layout-flow wp-block-group-is-layout-flow\">\n<h2 class=\"wp-block-heading\"><strong><em>Gestes barri\u00e8re<\/em><\/strong><\/h2>\n\n\n\n<figure class=\"wp-block-image size-large\"><img loading=\"lazy\" decoding=\"async\" width=\"1000\" height=\"750\" src=\"https:\/\/champenois-laurence-mtc.fr\/wp-content\/uploads\/2020\/05\/289626_spf00001748_2.jpg\" alt=\"\" class=\"wp-image-424\" srcset=\"https:\/\/champenois-laurence-mtc.fr\/wp-content\/uploads\/2020\/05\/289626_spf00001748_2.jpg 1000w, https:\/\/champenois-laurence-mtc.fr\/wp-content\/uploads\/2020\/05\/289626_spf00001748_2-300x225.jpg 300w, https:\/\/champenois-laurence-mtc.fr\/wp-content\/uploads\/2020\/05\/289626_spf00001748_2-768x576.jpg 768w\" sizes=\"(max-width: 767px) 89vw, (max-width: 1000px) 54vw, (max-width: 1071px) 543px, 580px\" \/><figcaption>Toutes les informations sur<a href=\"https:\/\/www.gouvernement.fr\/info-coronavirus\" target=\"_blank\" rel=\"noreferrer noopener\"> https:\/\/www.gouvernement.fr\/info-coronavirus<\/a><\/figcaption><\/figure>\n<\/div><\/div>\n<\/div><\/div>\n\n\n\n<div class=\"wp-block-group\" id=\"signes\"><div class=\"wp-block-group__inner-container is-layout-flow wp-block-group-is-layout-flow\">\n<h2 class=\"wp-block-heading\"><strong><em>Que faire face aux signes du coronavirus<\/em><\/strong><\/h2>\n\n\n\n<figure class=\"wp-block-image size-large\"><img loading=\"lazy\" decoding=\"async\" width=\"1000\" height=\"750\" src=\"https:\/\/champenois-laurence-mtc.fr\/wp-content\/uploads\/2020\/05\/288927_spf00001737_2.jpg\" alt=\"\" class=\"wp-image-425\" srcset=\"https:\/\/champenois-laurence-mtc.fr\/wp-content\/uploads\/2020\/05\/288927_spf00001737_2.jpg 1000w, https:\/\/champenois-laurence-mtc.fr\/wp-content\/uploads\/2020\/05\/288927_spf00001737_2-300x225.jpg 300w, https:\/\/champenois-laurence-mtc.fr\/wp-content\/uploads\/2020\/05\/288927_spf00001737_2-768x576.jpg 768w\" sizes=\"(max-width: 767px) 89vw, (max-width: 1000px) 54vw, (max-width: 1071px) 543px, 580px\" \/><figcaption>toutes les informations sur <a href=\"https:\/\/www.gouvernement.fr\/info-coronavirus\" target=\"_blank\" rel=\"noreferrer noopener\">https:\/\/www.gouvernement.fr\/info-coronavirus<\/a><\/figcaption><\/figure>\n\n\n\n<p>Si vous souhaitez une prise en charge des premiers signes du COVID 19 par la m\u00e9decine chinoise, vous pouvez vous inscrire sur la plateforme de t\u00e9l\u00e9-consultation d\u00e9di\u00e9e, <a href=\"https:\/\/www.covid19-france-medecinechinoise.fr\/?fbclid=IwAR1BWaD1C0UdbsTS6qEQxZ6EkWEnTxxvmjipz6S4j-djwMW8qsP3G6TwdpY\" target=\"_blank\" rel=\"noreferrer noopener\">COLLECTIF FRANCE SUISSE COVID-19 MEDECINE CHINOISE<\/a><\/p>\n<\/div><\/div>\n","protected":false},"excerpt":{"rendered":"<p>Outre les mesures d&rsquo;hygi\u00e8ne et bonnes pratiques observ\u00e9es habituellement, les recommandations de suivantes sont appliqu\u00e9es au cabinet. Avant de convenir d&rsquo;un rendez-vous, il faut \u00e9valuer le b\u00e9n\u00e9fice\/risque de la consultation surtout si vous \u00eates une personne fragile ou que vous devez emprunter les transports en commun pour vous d\u00e9placer au cabinet. Consignes \u00e0 respecter Au &hellip; <\/p>\n<p class=\"link-more\"><a href=\"https:\/\/champenois-laurence-mtc.fr\/index.php\/cabinet\/covid19\/\" class=\"more-link\">Continuer la lecture<span class=\"screen-reader-text\"> de &laquo;&nbsp;Mesures mises en \u0153uvre dans le cadre du COVID 19&nbsp;&raquo;<\/span><\/a><\/p>\n","protected":false},"author":1,"featured_media":0,"parent":30,"menu_order":0,"comment_status":"closed","ping_status":"closed","template":"","meta":{"footnotes":""},"class_list":["post-416","page","type-page","status-publish","hentry"],"_links":{"self":[{"href":"https:\/\/champenois-laurence-mtc.fr\/index.php\/wp-json\/wp\/v2\/pages\/416"}],"collection":[{"href":"https:\/\/champenois-laurence-mtc.fr\/index.php\/wp-json\/wp\/v2\/pages"}],"about":[{"href":"https:\/\/champenois-laurence-mtc.fr\/index.php\/wp-json\/wp\/v2\/types\/page"}],"author":[{"embeddable":true,"href":"https:\/\/champenois-laurence-mtc.fr\/index.php\/wp-json\/wp\/v2\/users\/1"}],"replies":[{"embeddable":true,"href":"https:\/\/champenois-laurence-mtc.fr\/index.php\/wp-json\/wp\/v2\/comments?post=416"}],"version-history":[{"count":13,"href":"https:\/\/champenois-laurence-mtc.fr\/index.php\/wp-json\/wp\/v2\/pages\/416\/revisions"}],"predecessor-version":[{"id":437,"href":"https:\/\/champenois-laurence-mtc.fr\/index.php\/wp-json\/wp\/v2\/pages\/416\/revisions\/437"}],"up":[{"embeddable":true,"href":"https:\/\/champenois-laurence-mtc.fr\/index.php\/wp-json\/wp\/v2\/pages\/30"}],"wp:attachment":[{"href":"https:\/\/champenois-laurence-mtc.fr\/index.php\/wp-json\/wp\/v2\/media?parent=416"}],"curies":[{"name":"wp","href":"https:\/\/api.w.org\/{rel}","templated":true}]}}